{"id":2405,"date":"2021-03-09T07:12:56","date_gmt":"2021-03-09T07:12:56","guid":{"rendered":"https:\/\/ersinceseramik.com\/contact\/"},"modified":"2022-11-25T01:20:33","modified_gmt":"2022-11-25T01:20:33","slug":"contact","status":"publish","type":"page","link":"https:\/\/ersinceseramik.com\/en\/contact\/","title":{"rendered":"\u0130leti\u015fim"},"content":{"rendered":"\t\t<div data-elementor-type=\"wp-page\" data-elementor-id=\"2405\" class=\"elementor elementor-2405 elementor-42\">\n\t\t\t\t\t\t<div class=\"elementor-inner\">\n\t\t\t\t<div class=\"elementor-section-wrap\">\n\t\t\t\t\t\t\t\t\t<section class=\"elementor-section elementor-top-section elementor-element elementor-element-fa9eb0e elementor-section-boxed elementor-section-height-default elementor-section-height-default\" data-id=\"fa9eb0e\" data-element_type=\"section\">\n\t\t\t\t\t\t<div class=\"elementor-container elementor-column-gap-no\">\n\t\t\t\t\t\t\t<div class=\"elementor-row\">\n\t\t\t\t\t<div class=\"aux-parallax-section elementor-column elementor-col-33 elementor-top-column elementor-element elementor-element-b9f1b9e\" data-id=\"b9f1b9e\" data-element_type=\"column\">\n\t\t\t<div class=\"elementor-column-wrap elementor-element-populated\">\n\t\t\t\t\t\t\t<div class=\"elementor-widget-wrap\">\n\t\t\t\t\t\t<div class=\"elementor-element elementor-element-0c693eb aux-appear-watch-animation aux-fade-in-right elementor-widget elementor-widget-aux_text\" data-id=\"0c693eb\" data-element_type=\"widget\" data-widget_type=\"aux_text.default\">\n\t\t\t\t<div class=\"elementor-widget-container\">\n\t\t\t<section class=\"widget-container aux-widget-text aux-parent-au58fd7c10\">        <div class=\"aux-widget-advanced-text aux-wrap-style-simple aux-ico-pos-left aux-text-left aux-text-resp- aux-text-color-dark aux-text-widget-bg-center  \" >\n        \n                            <div class=\"aux-text-widget-header \"  >\n                        <div class=\"aux-ico-box aux-ico-large aux-ico-clear \">\n                                                                <svg xmlns=\"http:\/\/www.w3.org\/2000\/svg\" width=\"26.549\" height=\"33.276\" viewBox=\"0 0 26.549 33.276\"><path d=\"M62.1.008A13.279,13.279,0,0,0,49.54,15.8h0s.02.143.089.416a13.306,13.306,0,0,0,.894,2.634C51.852,22,54.93,27.272,61.834,33.01a1.153,1.153,0,0,0,1.474,0c6.9-5.731,9.982-11.005,11.319-14.171a12.742,12.742,0,0,0,.894-2.634c.061-.266.089-.416.089-.416h0A13.282,13.282,0,0,0,62.1.008Zm.471,19.868a6.448,6.448,0,1,1,6.448-6.448A6.447,6.447,0,0,1,62.571,19.876Z\" transform=\"translate(-49.299 0)\" fill=\"var(--e-global-color-secondary)\" \/><\/svg>                                                    <\/div>\n                <\/div>\n            \n            <div class=\"aux-text-inner aux-text-widget-content\">\n                                <h4 class=\"col-title\">Factory &amp; Office :<\/h4>\n                                <div class=\"widget-content\">\n                                        <p>Alaaddin, Atat\u00fcrk Cad. No.228, 50500 Avanos\/Cappadocia\/T\u00fcrkiye<\/p>                <\/div>\n                            <\/div>\n        <\/div>\n                    <div class=\"aux-text-widget-footer\">\n                <div class=\"aux-border-shape-none \">\n                                <\/div>\n            <\/div>\n        \n<\/section><!-- widget-container -->\t\t<\/div>\n\t\t\t\t<\/div>\n\t\t\t\t\t\t<\/div>\n\t\t\t\t\t<\/div>\n\t\t<\/div>\n\t\t\t\t<div class=\"aux-parallax-section elementor-column elementor-col-33 elementor-top-column elementor-element elementor-element-ab72ec0\" data-id=\"ab72ec0\" data-element_type=\"column\">\n\t\t\t<div class=\"elementor-column-wrap elementor-element-populated\">\n\t\t\t\t\t\t\t<div class=\"elementor-widget-wrap\">\n\t\t\t\t\t\t<div class=\"elementor-element elementor-element-8c1db0d aux-appear-watch-animation aux-fade-in-right elementor-widget elementor-widget-aux_text\" data-id=\"8c1db0d\" data-element_type=\"widget\" data-widget_type=\"aux_text.default\">\n\t\t\t\t<div class=\"elementor-widget-container\">\n\t\t\t<section class=\"widget-container aux-widget-text aux-parent-au7e4ae24b\">        <div class=\"aux-widget-advanced-text aux-wrap-style-simple aux-ico-pos-left aux-text-left aux-text-resp- aux-text-color-dark aux-text-widget-bg-center  \" >\n        \n                            <div class=\"aux-text-widget-header \"  >\n                        <div class=\"aux-ico-box aux-ico-large aux-ico-clear \">\n                                                                <svg xmlns=\"http:\/\/www.w3.org\/2000\/svg\" width=\"33.047\" height=\"20.992\" viewBox=\"0 0 33.047 20.992\"><path d=\"M3.172,61.291q.627.358,3.78,2.125t4.832,2.721q.184.1.784.455t1,.567q.4.216.959.484a6.248,6.248,0,0,0,1.06.4,3.549,3.549,0,0,0,.922.134h.037a3.552,3.552,0,0,0,.922-.134,6.254,6.254,0,0,0,1.06-.4q.562-.269.959-.484t1-.567q.6-.351.784-.455,1.7-.954,8.631-4.846a8.118,8.118,0,0,0,2.25-1.834,3.453,3.453,0,0,0,.9-2.251,2.1,2.1,0,0,0-.876-1.685,3.22,3.22,0,0,0-2.075-.7H2.951A2.935,2.935,0,0,0,.765,55.6,2.648,2.648,0,0,0,0,57.533a3.142,3.142,0,0,0,1.014,2.035A8.556,8.556,0,0,0,3.172,61.291Z\" transform=\"translate(0 -54.82)\" fill=\"var(--e-global-color-secondary)\" \/><path d=\"M31.2,185.734q-6.048,3.31-9.184,5.144-1.051.626-1.706.976a11.636,11.636,0,0,1-1.743.716,6.388,6.388,0,0,1-2.028.365h-.037a6.391,6.391,0,0,1-2.029-.365,11.642,11.642,0,0,1-1.743-.716q-.654-.35-1.706-.976-2.49-1.476-9.165-5.144A9.5,9.5,0,0,1,0,184.437v11.837a2.1,2.1,0,0,0,.867,1.685,3.21,3.21,0,0,0,2.084.7H30.1a3.21,3.21,0,0,0,2.084-.7,2.1,2.1,0,0,0,.867-1.685V184.437A9.863,9.863,0,0,1,31.2,185.734Z\" transform=\"translate(0 -177.668)\" fill=\"var(--e-global-color-secondary)\" \/><\/svg>                                                    <\/div>\n                <\/div>\n            \n            <div class=\"aux-text-inner aux-text-widget-content\">\n                                <h4 class=\"col-title\">E-Mail :<\/h4>\n                                <div class=\"widget-content\">\n                                        <p>info@ersinceseramik.com<\/p>                <\/div>\n                            <\/div>\n        <\/div>\n                    <div class=\"aux-text-widget-footer\">\n                <div class=\"aux-border-shape-none \">\n                                <\/div>\n            <\/div>\n        \n<\/section><!-- widget-container -->\t\t<\/div>\n\t\t\t\t<\/div>\n\t\t\t\t\t\t<\/div>\n\t\t\t\t\t<\/div>\n\t\t<\/div>\n\t\t\t\t<div class=\"aux-parallax-section elementor-column elementor-col-33 elementor-top-column elementor-element elementor-element-ae44f50\" data-id=\"ae44f50\" data-element_type=\"column\">\n\t\t\t<div class=\"elementor-column-wrap elementor-element-populated\">\n\t\t\t\t\t\t\t<div class=\"elementor-widget-wrap\">\n\t\t\t\t\t\t<div class=\"elementor-element elementor-element-60f9abd aux-appear-watch-animation aux-fade-in-right elementor-widget elementor-widget-aux_text\" data-id=\"60f9abd\" data-element_type=\"widget\" data-widget_type=\"aux_text.default\">\n\t\t\t\t<div class=\"elementor-widget-container\">\n\t\t\t<section class=\"widget-container aux-widget-text aux-parent-au37fa33a5\">        <div class=\"aux-widget-advanced-text aux-wrap-style-simple aux-ico-pos-left aux-text-left aux-text-resp- aux-text-color-dark aux-text-widget-bg-center  \" >\n        \n                            <div class=\"aux-text-widget-header \"  >\n                        <div class=\"aux-ico-box aux-ico-large aux-ico-clear \">\n                                                                <svg xmlns=\"http:\/\/www.w3.org\/2000\/svg\" width=\"31.999\" height=\"31.999\" viewBox=\"0 0 31.999 31.999\"><path d=\"M359.865,66.154l-8.084-8.084,1.034-1.034a3.057,3.057,0,0,1,4.324,0L360.9,60.8a3.057,3.057,0,0,1,0,4.324Zm0,0\" transform=\"translate(-329.795 -37.664)\" fill=\"var(--e-global-color-secondary)\" \/><path d=\"M56.137,353.711l1.034-1.034a3.057,3.057,0,0,1,4.324,0l3.761,3.761a3.061,3.061,0,0,1,0,4.324l-1.034,1.034Zm0,0\" transform=\"translate(-52.628 -351.781)\" fill=\"var(--e-global-color-secondary)\" \/><path d=\"M28.649,26.5c-2.728,2.26-6.235,2.754-10.209,1.417a28.986,28.986,0,0,1-10.6-7.1,28.981,28.981,0,0,1-7.1-10.6C-.6,6.236-.107,2.728,2.153,0l8.123,8.123c-1.746,2.721.764,5.942,2.535,7.713s4.992,4.281,7.713,2.535Zm0,0\" transform=\"translate(-0.001 3.351)\" fill=\"var(--e-global-color-secondary)\" \/><\/svg>                                                    <\/div>\n                <\/div>\n            \n            <div class=\"aux-text-inner aux-text-widget-content\">\n                                <h4 class=\"col-title\">GSM &amp; WhatsApp :<\/h4>\n                                <div class=\"widget-content\">\n                                        <p>+90 535 949 74 59<\/p>                <\/div>\n                            <\/div>\n        <\/div>\n                    <div class=\"aux-text-widget-footer\">\n                <div class=\"aux-border-shape-none \">\n                                <\/div>\n            <\/div>\n        \n<\/section><!-- widget-container -->\t\t<\/div>\n\t\t\t\t<\/div>\n\t\t\t\t\t\t<\/div>\n\t\t\t\t\t<\/div>\n\t\t<\/div>\n\t\t\t\t\t\t\t\t<\/div>\n\t\t\t\t\t<\/div>\n\t\t<\/section>\n\t\t\t\t<section class=\"elementor-section elementor-top-section elementor-element elementor-element-d8c6389 elementor-section-content-middle elementor-section-boxed elementor-section-height-default elementor-section-height-default\" data-id=\"d8c6389\" data-element_type=\"section\">\n\t\t\t\t\t\t<div class=\"elementor-container elementor-column-gap-no\">\n\t\t\t\t\t\t\t<div class=\"elementor-row\">\n\t\t\t\t\t<div class=\"aux-parallax-section elementor-column elementor-col-50 elementor-top-column elementor-element elementor-element-f388810\" data-id=\"f388810\" data-element_type=\"column\">\n\t\t\t<div class=\"elementor-column-wrap elementor-element-populated\">\n\t\t\t\t\t\t\t<div class=\"elementor-widget-wrap\">\n\t\t\t\t\t\t<div class=\"elementor-element elementor-element-8f0afec aux-appear-watch-animation aux-fade-in-down elementor-widget elementor-widget-aux_modern_heading\" data-id=\"8f0afec\" data-element_type=\"widget\" data-widget_type=\"aux_modern_heading.default\">\n\t\t\t\t<div class=\"elementor-widget-container\">\n\t\t\t<section class=\"aux-widget-modern-heading\">\n            <div class=\"aux-widget-inner\"><h2 class=\"aux-modern-heading-primary\">Write Us<\/h2><\/div>\n        <\/section>\t\t<\/div>\n\t\t\t\t<\/div>\n\t\t\t\t<div class=\"elementor-element elementor-element-58d7341 elementor-button-align-stretch elementor-widget elementor-widget-form\" data-id=\"58d7341\" data-element_type=\"widget\" data-settings=\"{&quot;step_next_label&quot;:&quot;Next&quot;,&quot;step_previous_label&quot;:&quot;Previous&quot;,&quot;button_width&quot;:&quot;100&quot;,&quot;step_type&quot;:&quot;number_text&quot;,&quot;step_icon_shape&quot;:&quot;circle&quot;}\" data-widget_type=\"form.default\">\n\t\t\t\t<div class=\"elementor-widget-container\">\n\t\t\t\t\t<form class=\"elementor-form\" method=\"post\" name=\"New Form\">\n\t\t\t<input type=\"hidden\" name=\"post_id\" value=\"2405\"\/>\n\t\t\t<input type=\"hidden\" name=\"form_id\" value=\"58d7341\"\/>\n\t\t\t<input type=\"hidden\" name=\"referer_title\" value=\"Ersince Seramik\" \/>\n\n\t\t\t\n\t\t\t<div class=\"elementor-form-fields-wrapper elementor-labels-\">\n\t\t\t\t\t\t\t\t<div class=\"elementor-field-type-text elementor-field-group elementor-column elementor-field-group-name elementor-col-100 elementor-field-required\">\n\t\t\t\t\t\t\t\t\t\t\t\t<label for=\"form-field-name\" class=\"elementor-field-label elementor-screen-only\">\n\t\t\t\t\t\t\t\tName\t\t\t\t\t\t\t<\/label>\n\t\t\t\t\t\t\t\t\t\t\t\t\t\t<input size=\"1\" type=\"text\" name=\"form_fields[name]\" id=\"form-field-name\" class=\"elementor-field elementor-size-sm  elementor-field-textual\" placeholder=\"Name\" required=\"required\" aria-required=\"true\">\n\t\t\t\t\t\t\t\t\t\t\t<\/div>\n\t\t\t\t\t\t\t\t<div class=\"elementor-field-type-email elementor-field-group elementor-column elementor-field-group-email elementor-col-100 elementor-field-required\">\n\t\t\t\t\t\t\t\t\t\t\t\t<label for=\"form-field-email\" class=\"elementor-field-label elementor-screen-only\">\n\t\t\t\t\t\t\t\tEmail\t\t\t\t\t\t\t<\/label>\n\t\t\t\t\t\t\t\t\t\t\t\t\t\t<input size=\"1\" type=\"email\" name=\"form_fields[email]\" id=\"form-field-email\" class=\"elementor-field elementor-size-sm  elementor-field-textual\" placeholder=\"Email\" required=\"required\" aria-required=\"true\">\n\t\t\t\t\t\t\t\t\t\t\t<\/div>\n\t\t\t\t\t\t\t\t<div class=\"elementor-field-type-tel elementor-field-group elementor-column elementor-field-group-field_e43ebc5 elementor-col-100\">\n\t\t\t\t\t\t\t\t\t\t\t\t<label for=\"form-field-field_e43ebc5\" class=\"elementor-field-label elementor-screen-only\">\n\t\t\t\t\t\t\t\tPhone\t\t\t\t\t\t\t<\/label>\n\t\t\t\t\t\t\t\t<input size=\"1\" type=\"tel\" name=\"form_fields[field_e43ebc5]\" id=\"form-field-field_e43ebc5\" class=\"elementor-field elementor-size-sm  elementor-field-textual\" placeholder=\"Phone Number\" pattern=\"[0-9()#&amp;+*-=.]+\" title=\"Only numbers and phone characters (#, -, *, etc) are accepted.\">\n\n\t\t\t\t\t\t<\/div>\n\t\t\t\t\t\t\t\t<div class=\"elementor-field-type-textarea elementor-field-group elementor-column elementor-field-group-message elementor-col-100\">\n\t\t\t\t\t\t\t\t\t\t\t\t<label for=\"form-field-message\" class=\"elementor-field-label elementor-screen-only\">\n\t\t\t\t\t\t\t\tMessage\t\t\t\t\t\t\t<\/label>\n\t\t\t\t\t\t<textarea class=\"elementor-field-textual elementor-field  elementor-size-sm\" name=\"form_fields[message]\" id=\"form-field-message\" rows=\"4\" placeholder=\"Message\"><\/textarea>\t\t\t\t<\/div>\n\t\t\t\t\t\t\t\t<div class=\"elementor-field-group elementor-column elementor-field-type-submit elementor-col-100 e-form__buttons\">\n\t\t\t\t\t<button type=\"submit\" class=\"elementor-button elementor-size-sm\">\n\t\t\t\t\t\t<span >\n\t\t\t\t\t\t\t\t\t\t\t\t\t\t\t<span class=\" elementor-button-icon\">\n\t\t\t\t\t\t\t\t\t\t\t\t\t\t\t\t\t\t\t\t\t\t\t\t\t\t<\/span>\n\t\t\t\t\t\t\t\t\t\t\t\t\t\t\t\t\t\t\t\t\t\t<span class=\"elementor-button-text\">Send<\/span>\n\t\t\t\t\t\t\t\t\t\t\t\t\t<\/span>\n\t\t\t\t\t<\/button>\n\t\t\t\t<\/div>\n\t\t\t<\/div>\n\t\t<\/form>\n\t\t\t\t<\/div>\n\t\t\t\t<\/div>\n\t\t\t\t\t\t<\/div>\n\t\t\t\t\t<\/div>\n\t\t<\/div>\n\t\t\t\t<div class=\"aux-parallax-section elementor-column elementor-col-50 elementor-top-column elementor-element elementor-element-e91fa46\" data-id=\"e91fa46\" data-element_type=\"column\">\n\t\t\t<div class=\"elementor-column-wrap elementor-element-populated\">\n\t\t\t\t\t\t\t<div class=\"elementor-widget-wrap\">\n\t\t\t\t\t\t<div class=\"elementor-element elementor-element-31577cf elementor-widget elementor-widget-google_maps\" data-id=\"31577cf\" data-element_type=\"widget\" data-widget_type=\"google_maps.default\">\n\t\t\t\t<div class=\"elementor-widget-container\">\n\t\t\t\t\t<div class=\"elementor-custom-embed\">\n\t\t\t<iframe frameborder=\"0\" scrolling=\"no\" marginheight=\"0\" marginwidth=\"0\"\n\t\t\t\t\tsrc=\"https:\/\/maps.google.com\/maps?q=Ersince%20seramik%2C%20Alaaddin%2C%20Atat%C3%BCrk%20cad%20no%20228%2C%2050500%20Avanos%2FNev%C5%9Fehir&#038;t=m&#038;z=10&#038;output=embed&#038;iwloc=near\"\n\t\t\t\t\ttitle=\"Ersince seramik, Alaaddin, Atat\u00fcrk cad no 228, 50500 Avanos\/Nev\u015fehir\"\n\t\t\t\t\taria-label=\"Ersince seramik, Alaaddin, Atat\u00fcrk cad no 228, 50500 Avanos\/Nev\u015fehir\"\n\t\t\t><\/iframe>\n\t\t<\/div>\n\t\t\t\t<\/div>\n\t\t\t\t<\/div>\n\t\t\t\t\t\t<\/div>\n\t\t\t\t\t<\/div>\n\t\t<\/div>\n\t\t\t\t\t\t\t\t<\/div>\n\t\t\t\t\t<\/div>\n\t\t<\/section>\n\t\t\t\t\t\t\t\t\t<\/div>\n\t\t\t<\/div>\n\t\t\t\t\t<\/div>\n\t\t","protected":false},"excerpt":{"rendered":"<p>Factory &amp; Office : Alaaddin, Atat\u00fcrk Cad. No.228, 50500 Avanos\/Cappadocia\/T\u00fcrkiye E-Mail : info@ersinceseramik.com GSM &amp; WhatsApp : +90 535 949 74 59 Write Us<\/p>\n","protected":false},"author":1,"featured_media":0,"parent":0,"menu_order":0,"comment_status":"closed","ping_status":"closed","template":"templates\/page-builder-content.php","meta":{"_themeisle_gutenberg_block_has_review":false,"footnotes":""},"class_list":["post-2405","page","type-page","status-publish","hentry"],"yoast_head":"<!-- This site is optimized with the Yoast SEO Premium plugin v19.5 (Yoast SEO v19.10) - https:\/\/yoast.com\/wordpress\/plugins\/seo\/ -->\n<title>\u0130leti\u015fim - Ersince Seramik<\/title>\n<meta name=\"robots\" content=\"index, follow, max-snippet:-1, max-image-preview:large, max-video-preview:-1\" \/>\n<link rel=\"canonical\" href=\"https:\/\/ersinceseramik.com\/en\/contact\/\" \/>\n<meta property=\"og:locale\" content=\"en_US\" \/>\n<meta property=\"og:type\" content=\"article\" \/>\n<meta property=\"og:title\" content=\"\u0130leti\u015fim\" \/>\n<meta property=\"og:description\" content=\"Factory &amp; Office : Alaaddin, Atat\u00fcrk Cad. No.228, 50500 Avanos\/Cappadocia\/T\u00fcrkiye E-Mail : info@ersinceseramik.com GSM &amp; WhatsApp : +90 535 949 74 59 Write Us\" \/>\n<meta property=\"og:url\" content=\"https:\/\/ersinceseramik.com\/en\/contact\/\" \/>\n<meta property=\"og:site_name\" content=\"Ersince Seramik\" \/>\n<meta property=\"article:publisher\" content=\"https:\/\/www.facebook.com\/people\/Kapadokya-Ersince-Seramik\/100067456403312\/\" \/>\n<meta property=\"article:modified_time\" content=\"2022-11-25T01:20:33+00:00\" \/>\n<meta name=\"twitter:card\" content=\"summary_large_image\" \/>\n<script type=\"application\/ld+json\" class=\"yoast-schema-graph\">{\"@context\":\"https:\/\/schema.org\",\"@graph\":[{\"@type\":\"WebPage\",\"@id\":\"https:\/\/ersinceseramik.com\/en\/contact\/\",\"url\":\"https:\/\/ersinceseramik.com\/en\/contact\/\",\"name\":\"\u0130leti\u015fim - Ersince Seramik\",\"isPartOf\":{\"@id\":\"https:\/\/ersinceseramik.com\/en\/#website\"},\"datePublished\":\"2021-03-09T07:12:56+00:00\",\"dateModified\":\"2022-11-25T01:20:33+00:00\",\"breadcrumb\":{\"@id\":\"https:\/\/ersinceseramik.com\/en\/contact\/#breadcrumb\"},\"inLanguage\":\"en-US\",\"potentialAction\":[{\"@type\":\"ReadAction\",\"target\":[\"https:\/\/ersinceseramik.com\/en\/contact\/\"]}]},{\"@type\":\"BreadcrumbList\",\"@id\":\"https:\/\/ersinceseramik.com\/en\/contact\/#breadcrumb\",\"itemListElement\":[{\"@type\":\"ListItem\",\"position\":1,\"name\":\"Home\",\"item\":\"https:\/\/ersinceseramik.com\/en\/\"},{\"@type\":\"ListItem\",\"position\":2,\"name\":\"\u0130leti\u015fim\"}]},{\"@type\":\"WebSite\",\"@id\":\"https:\/\/ersinceseramik.com\/en\/#website\",\"url\":\"https:\/\/ersinceseramik.com\/en\/\",\"name\":\"Ersince Seramik\",\"description\":\"Toprak Tabak Kase \u0130malat Toptan ve Perakaende Sat\u0131\u015f\",\"publisher\":{\"@id\":\"https:\/\/ersinceseramik.com\/en\/#organization\"},\"potentialAction\":[{\"@type\":\"SearchAction\",\"target\":{\"@type\":\"EntryPoint\",\"urlTemplate\":\"https:\/\/ersinceseramik.com\/en\/?s={search_term_string}\"},\"query-input\":\"required name=search_term_string\"}],\"inLanguage\":\"en-US\"},{\"@type\":\"Organization\",\"@id\":\"https:\/\/ersinceseramik.com\/en\/#organization\",\"name\":\"Ersince Seramik\",\"url\":\"https:\/\/ersinceseramik.com\/en\/\",\"logo\":{\"@type\":\"ImageObject\",\"inLanguage\":\"en-US\",\"@id\":\"https:\/\/ersinceseramik.com\/en\/#\/schema\/logo\/image\/\",\"url\":\"https:\/\/ersinceseramik.com\/wp-content\/uploads\/2022\/11\/logo-ersinceseramik.webp\",\"contentUrl\":\"https:\/\/ersinceseramik.com\/wp-content\/uploads\/2022\/11\/logo-ersinceseramik.webp\",\"width\":418,\"height\":75,\"caption\":\"Ersince Seramik\"},\"image\":{\"@id\":\"https:\/\/ersinceseramik.com\/en\/#\/schema\/logo\/image\/\"},\"sameAs\":[\"https:\/\/www.instagram.com\/ersince_seramik\/\",\"https:\/\/www.facebook.com\/people\/Kapadokya-Ersince-Seramik\/100067456403312\/\"]}]}<\/script>\n<!-- \/ Yoast SEO Premium plugin. -->","yoast_head_json":{"title":"\u0130leti\u015fim - Ersince Seramik","robots":{"index":"index","follow":"follow","max-snippet":"max-snippet:-1","max-image-preview":"max-image-preview:large","max-video-preview":"max-video-preview:-1"},"canonical":"https:\/\/ersinceseramik.com\/en\/contact\/","og_locale":"en_US","og_type":"article","og_title":"\u0130leti\u015fim","og_description":"Factory &amp; Office : Alaaddin, Atat\u00fcrk Cad. No.228, 50500 Avanos\/Cappadocia\/T\u00fcrkiye E-Mail : info@ersinceseramik.com GSM &amp; WhatsApp : +90 535 949 74 59 Write Us","og_url":"https:\/\/ersinceseramik.com\/en\/contact\/","og_site_name":"Ersince Seramik","article_publisher":"https:\/\/www.facebook.com\/people\/Kapadokya-Ersince-Seramik\/100067456403312\/","article_modified_time":"2022-11-25T01:20:33+00:00","twitter_card":"summary_large_image","schema":{"@context":"https:\/\/schema.org","@graph":[{"@type":"WebPage","@id":"https:\/\/ersinceseramik.com\/en\/contact\/","url":"https:\/\/ersinceseramik.com\/en\/contact\/","name":"\u0130leti\u015fim - Ersince Seramik","isPartOf":{"@id":"https:\/\/ersinceseramik.com\/en\/#website"},"datePublished":"2021-03-09T07:12:56+00:00","dateModified":"2022-11-25T01:20:33+00:00","breadcrumb":{"@id":"https:\/\/ersinceseramik.com\/en\/contact\/#breadcrumb"},"inLanguage":"en-US","potentialAction":[{"@type":"ReadAction","target":["https:\/\/ersinceseramik.com\/en\/contact\/"]}]},{"@type":"BreadcrumbList","@id":"https:\/\/ersinceseramik.com\/en\/contact\/#breadcrumb","itemListElement":[{"@type":"ListItem","position":1,"name":"Home","item":"https:\/\/ersinceseramik.com\/en\/"},{"@type":"ListItem","position":2,"name":"\u0130leti\u015fim"}]},{"@type":"WebSite","@id":"https:\/\/ersinceseramik.com\/en\/#website","url":"https:\/\/ersinceseramik.com\/en\/","name":"Ersince Seramik","description":"Toprak Tabak Kase \u0130malat Toptan ve Perakaende Sat\u0131\u015f","publisher":{"@id":"https:\/\/ersinceseramik.com\/en\/#organization"},"potentialAction":[{"@type":"SearchAction","target":{"@type":"EntryPoint","urlTemplate":"https:\/\/ersinceseramik.com\/en\/?s={search_term_string}"},"query-input":"required name=search_term_string"}],"inLanguage":"en-US"},{"@type":"Organization","@id":"https:\/\/ersinceseramik.com\/en\/#organization","name":"Ersince Seramik","url":"https:\/\/ersinceseramik.com\/en\/","logo":{"@type":"ImageObject","inLanguage":"en-US","@id":"https:\/\/ersinceseramik.com\/en\/#\/schema\/logo\/image\/","url":"https:\/\/ersinceseramik.com\/wp-content\/uploads\/2022\/11\/logo-ersinceseramik.webp","contentUrl":"https:\/\/ersinceseramik.com\/wp-content\/uploads\/2022\/11\/logo-ersinceseramik.webp","width":418,"height":75,"caption":"Ersince Seramik"},"image":{"@id":"https:\/\/ersinceseramik.com\/en\/#\/schema\/logo\/image\/"},"sameAs":["https:\/\/www.instagram.com\/ersince_seramik\/","https:\/\/www.facebook.com\/people\/Kapadokya-Ersince-Seramik\/100067456403312\/"]}]}},"_links":{"self":[{"href":"https:\/\/ersinceseramik.com\/en\/wp-json\/wp\/v2\/pages\/2405","targetHints":{"allow":["GET"]}}],"collection":[{"href":"https:\/\/ersinceseramik.com\/en\/wp-json\/wp\/v2\/pages"}],"about":[{"href":"https:\/\/ersinceseramik.com\/en\/wp-json\/wp\/v2\/types\/page"}],"author":[{"embeddable":true,"href":"https:\/\/ersinceseramik.com\/en\/wp-json\/wp\/v2\/users\/1"}],"replies":[{"embeddable":true,"href":"https:\/\/ersinceseramik.com\/en\/wp-json\/wp\/v2\/comments?post=2405"}],"version-history":[{"count":21,"href":"https:\/\/ersinceseramik.com\/en\/wp-json\/wp\/v2\/pages\/2405\/revisions"}],"predecessor-version":[{"id":2538,"href":"https:\/\/ersinceseramik.com\/en\/wp-json\/wp\/v2\/pages\/2405\/revisions\/2538"}],"wp:attachment":[{"href":"https:\/\/ersinceseramik.com\/en\/wp-json\/wp\/v2\/media?parent=2405"}],"curies":[{"name":"wp","href":"https:\/\/api.w.org\/{rel}","templated":true}]}}