{"id":2315,"date":"2022-11-21T00:23:06","date_gmt":"2022-11-21T00:23:06","guid":{"rendered":"https:\/\/ersinceseramik.com\/product\/15cm-yayvan-toprak-saksi\/"},"modified":"2023-09-22T12:18:07","modified_gmt":"2023-09-22T12:18:07","slug":"15cm-yayvan-toprak-saksi","status":"publish","type":"product","link":"https:\/\/ersinceseramik.com\/en\/product\/15cm-yayvan-toprak-saksi\/","title":{"rendered":"15 CM NATUREL KASE"},"content":{"rendered":"","protected":false},"excerpt":{"rendered":"<p>\u00c7ap (\u00d8) : 15 cm Y\u00fckseklik (\u2193) : 5.5cm<\/p>\n","protected":false},"featured_media":2167,"template":"","meta":{"_themeisle_gutenberg_block_has_review":false},"product_cat":[96,101],"product_tag":[],"class_list":["post-2315","product","type-product","status-publish","has-post-thumbnail","hentry","product_cat-saksilar-en","product_cat-yayvan-saksilar-en","aux-has-gallery"],"yoast_head":"<!-- This site is optimized with the Yoast SEO Premium plugin v19.5 (Yoast SEO v19.10) - https:\/\/yoast.com\/wordpress\/plugins\/seo\/ -->\n<title>15 CM NATUREL KASE - Ersince Seramik<\/title>\n<meta name=\"robots\" content=\"index, follow, max-snippet:-1, max-image-preview:large, max-video-preview:-1\" \/>\n<link rel=\"canonical\" href=\"https:\/\/ersinceseramik.com\/en\/product\/15cm-yayvan-toprak-saksi\/\" \/>\n<meta property=\"og:locale\" content=\"en_US\" \/>\n<meta property=\"og:type\" content=\"article\" \/>\n<meta property=\"og:title\" content=\"15 CM NATUREL KASE\" \/>\n<meta property=\"og:description\" content=\"\u00c7ap (\u00d8) : 15 cm Y\u00fckseklik (\u2193) : 5.5cm\" \/>\n<meta property=\"og:url\" content=\"https:\/\/ersinceseramik.com\/en\/product\/15cm-yayvan-toprak-saksi\/\" \/>\n<meta property=\"og:site_name\" content=\"Ersince Seramik\" \/>\n<meta property=\"article:publisher\" content=\"https:\/\/www.facebook.com\/people\/Kapadokya-Ersince-Seramik\/100067456403312\/\" \/>\n<meta property=\"article:modified_time\" content=\"2023-09-22T12:18:07+00:00\" \/>\n<meta property=\"og:image\" content=\"https:\/\/ersinceseramik.com\/wp-content\/uploads\/2022\/11\/IMG_0211_5x5.webp\" \/>\n\t<meta property=\"og:image:width\" content=\"1024\" \/>\n\t<meta property=\"og:image:height\" content=\"1024\" \/>\n\t<meta property=\"og:image:type\" content=\"image\/webp\" \/>\n<meta name=\"twitter:card\" content=\"summary_large_image\" \/>\n<script type=\"application\/ld+json\" class=\"yoast-schema-graph\">{\"@context\":\"https:\/\/schema.org\",\"@graph\":[{\"@type\":\"WebPage\",\"@id\":\"https:\/\/ersinceseramik.com\/en\/product\/15cm-yayvan-toprak-saksi\/\",\"url\":\"https:\/\/ersinceseramik.com\/en\/product\/15cm-yayvan-toprak-saksi\/\",\"name\":\"15 CM NATUREL KASE - Ersince Seramik\",\"isPartOf\":{\"@id\":\"https:\/\/ersinceseramik.com\/en\/#website\"},\"datePublished\":\"2022-11-21T00:23:06+00:00\",\"dateModified\":\"2023-09-22T12:18:07+00:00\",\"breadcrumb\":{\"@id\":\"https:\/\/ersinceseramik.com\/en\/product\/15cm-yayvan-toprak-saksi\/#breadcrumb\"},\"inLanguage\":\"en-US\",\"potentialAction\":[{\"@type\":\"ReadAction\",\"target\":[\"https:\/\/ersinceseramik.com\/en\/product\/15cm-yayvan-toprak-saksi\/\"]}]},{\"@type\":\"BreadcrumbList\",\"@id\":\"https:\/\/ersinceseramik.com\/en\/product\/15cm-yayvan-toprak-saksi\/#breadcrumb\",\"itemListElement\":[{\"@type\":\"ListItem\",\"position\":1,\"name\":\"Home\",\"item\":\"https:\/\/ersinceseramik.com\/en\/\"},{\"@type\":\"ListItem\",\"position\":2,\"name\":\"Shop\",\"item\":\"https:\/\/ersinceseramik.com\/en\/shop-2\/\"},{\"@type\":\"ListItem\",\"position\":3,\"name\":\"15 CM NATUREL KASE\"}]},{\"@type\":\"WebSite\",\"@id\":\"https:\/\/ersinceseramik.com\/en\/#website\",\"url\":\"https:\/\/ersinceseramik.com\/en\/\",\"name\":\"Ersince Seramik\",\"description\":\"Toprak Tabak Kase \u0130malat Toptan ve Perakaende Sat\u0131\u015f\",\"publisher\":{\"@id\":\"https:\/\/ersinceseramik.com\/en\/#organization\"},\"potentialAction\":[{\"@type\":\"SearchAction\",\"target\":{\"@type\":\"EntryPoint\",\"urlTemplate\":\"https:\/\/ersinceseramik.com\/en\/?s={search_term_string}\"},\"query-input\":\"required name=search_term_string\"}],\"inLanguage\":\"en-US\"},{\"@type\":\"Organization\",\"@id\":\"https:\/\/ersinceseramik.com\/en\/#organization\",\"name\":\"Ersince Seramik\",\"url\":\"https:\/\/ersinceseramik.com\/en\/\",\"logo\":{\"@type\":\"ImageObject\",\"inLanguage\":\"en-US\",\"@id\":\"https:\/\/ersinceseramik.com\/en\/#\/schema\/logo\/image\/\",\"url\":\"https:\/\/ersinceseramik.com\/wp-content\/uploads\/2022\/11\/logo-ersinceseramik.webp\",\"contentUrl\":\"https:\/\/ersinceseramik.com\/wp-content\/uploads\/2022\/11\/logo-ersinceseramik.webp\",\"width\":418,\"height\":75,\"caption\":\"Ersince Seramik\"},\"image\":{\"@id\":\"https:\/\/ersinceseramik.com\/en\/#\/schema\/logo\/image\/\"},\"sameAs\":[\"https:\/\/www.instagram.com\/ersince_seramik\/\",\"https:\/\/www.facebook.com\/people\/Kapadokya-Ersince-Seramik\/100067456403312\/\"]}]}<\/script>\n<!-- \/ Yoast SEO Premium plugin. -->","yoast_head_json":{"title":"15 CM NATUREL KASE - Ersince Seramik","robots":{"index":"index","follow":"follow","max-snippet":"max-snippet:-1","max-image-preview":"max-image-preview:large","max-video-preview":"max-video-preview:-1"},"canonical":"https:\/\/ersinceseramik.com\/en\/product\/15cm-yayvan-toprak-saksi\/","og_locale":"en_US","og_type":"article","og_title":"15 CM NATUREL KASE","og_description":"\u00c7ap (\u00d8) : 15 cm Y\u00fckseklik (\u2193) : 5.5cm","og_url":"https:\/\/ersinceseramik.com\/en\/product\/15cm-yayvan-toprak-saksi\/","og_site_name":"Ersince Seramik","article_publisher":"https:\/\/www.facebook.com\/people\/Kapadokya-Ersince-Seramik\/100067456403312\/","article_modified_time":"2023-09-22T12:18:07+00:00","og_image":[{"width":1024,"height":1024,"url":"https:\/\/ersinceseramik.com\/wp-content\/uploads\/2022\/11\/IMG_0211_5x5.webp","type":"image\/webp"}],"twitter_card":"summary_large_image","schema":{"@context":"https:\/\/schema.org","@graph":[{"@type":"WebPage","@id":"https:\/\/ersinceseramik.com\/en\/product\/15cm-yayvan-toprak-saksi\/","url":"https:\/\/ersinceseramik.com\/en\/product\/15cm-yayvan-toprak-saksi\/","name":"15 CM NATUREL KASE - Ersince Seramik","isPartOf":{"@id":"https:\/\/ersinceseramik.com\/en\/#website"},"datePublished":"2022-11-21T00:23:06+00:00","dateModified":"2023-09-22T12:18:07+00:00","breadcrumb":{"@id":"https:\/\/ersinceseramik.com\/en\/product\/15cm-yayvan-toprak-saksi\/#breadcrumb"},"inLanguage":"en-US","potentialAction":[{"@type":"ReadAction","target":["https:\/\/ersinceseramik.com\/en\/product\/15cm-yayvan-toprak-saksi\/"]}]},{"@type":"BreadcrumbList","@id":"https:\/\/ersinceseramik.com\/en\/product\/15cm-yayvan-toprak-saksi\/#breadcrumb","itemListElement":[{"@type":"ListItem","position":1,"name":"Home","item":"https:\/\/ersinceseramik.com\/en\/"},{"@type":"ListItem","position":2,"name":"Shop","item":"https:\/\/ersinceseramik.com\/en\/shop-2\/"},{"@type":"ListItem","position":3,"name":"15 CM NATUREL KASE"}]},{"@type":"WebSite","@id":"https:\/\/ersinceseramik.com\/en\/#website","url":"https:\/\/ersinceseramik.com\/en\/","name":"Ersince Seramik","description":"Toprak Tabak Kase \u0130malat Toptan ve Perakaende Sat\u0131\u015f","publisher":{"@id":"https:\/\/ersinceseramik.com\/en\/#organization"},"potentialAction":[{"@type":"SearchAction","target":{"@type":"EntryPoint","urlTemplate":"https:\/\/ersinceseramik.com\/en\/?s={search_term_string}"},"query-input":"required name=search_term_string"}],"inLanguage":"en-US"},{"@type":"Organization","@id":"https:\/\/ersinceseramik.com\/en\/#organization","name":"Ersince Seramik","url":"https:\/\/ersinceseramik.com\/en\/","logo":{"@type":"ImageObject","inLanguage":"en-US","@id":"https:\/\/ersinceseramik.com\/en\/#\/schema\/logo\/image\/","url":"https:\/\/ersinceseramik.com\/wp-content\/uploads\/2022\/11\/logo-ersinceseramik.webp","contentUrl":"https:\/\/ersinceseramik.com\/wp-content\/uploads\/2022\/11\/logo-ersinceseramik.webp","width":418,"height":75,"caption":"Ersince Seramik"},"image":{"@id":"https:\/\/ersinceseramik.com\/en\/#\/schema\/logo\/image\/"},"sameAs":["https:\/\/www.instagram.com\/ersince_seramik\/","https:\/\/www.facebook.com\/people\/Kapadokya-Ersince-Seramik\/100067456403312\/"]}]}},"_links":{"self":[{"href":"https:\/\/ersinceseramik.com\/en\/wp-json\/wp\/v2\/product\/2315","targetHints":{"allow":["GET"]}}],"collection":[{"href":"https:\/\/ersinceseramik.com\/en\/wp-json\/wp\/v2\/product"}],"about":[{"href":"https:\/\/ersinceseramik.com\/en\/wp-json\/wp\/v2\/types\/product"}],"wp:featuredmedia":[{"embeddable":true,"href":"https:\/\/ersinceseramik.com\/en\/wp-json\/wp\/v2\/media\/2167"}],"wp:attachment":[{"href":"https:\/\/ersinceseramik.com\/en\/wp-json\/wp\/v2\/media?parent=2315"}],"wp:term":[{"taxonomy":"product_cat","embeddable":true,"href":"https:\/\/ersinceseramik.com\/en\/wp-json\/wp\/v2\/product_cat?post=2315"},{"taxonomy":"product_tag","embeddable":true,"href":"https:\/\/ersinceseramik.com\/en\/wp-json\/wp\/v2\/product_tag?post=2315"}],"curies":[{"name":"wp","href":"https:\/\/api.w.org\/{rel}","templated":true}]}}